{"id":1653,"date":"2020-01-21T14:41:06","date_gmt":"2020-01-21T14:41:06","guid":{"rendered":"http:\/\/uphome.local\/?page_id=1653"},"modified":"2021-08-14T20:01:45","modified_gmt":"2021-08-14T23:01:45","slug":"gallery-standart","status":"publish","type":"page","link":"https:\/\/engconcreta.com\/site\/gallery-standart\/","title":{"rendered":"Galeria"},"content":{"rendered":"\t\t<div data-elementor-type=\"wp-page\" data-elementor-id=\"1653\" class=\"elementor elementor-1653\">\n\t\t\t\t\t\t<section class=\"elementor-section elementor-top-section elementor-element elementor-element-70efa69d elementor-section-boxed elementor-section-height-default elementor-section-height-default astroon-bg-container\" data-id=\"70efa69d\" data-element_type=\"section\" data-e-type=\"section\">\n\t\t\t\t\t\t<div class=\"elementor-container elementor-column-gap-default\">\n\t\t\t\t\t<div class=\"elementor-column elementor-col-100 elementor-top-column elementor-element elementor-element-5e3b627a\" data-id=\"5e3b627a\" data-element_type=\"column\" data-e-type=\"column\">\n\t\t\t<div class=\"elementor-widget-wrap elementor-element-populated\">\n\t\t\t\t\t\t<div class=\"elementor-element elementor-element-49500657 elementor-widget elementor-widget-gallery_uphome\" data-id=\"49500657\" data-element_type=\"widget\" data-e-type=\"widget\" data-widget_type=\"gallery_uphome.default\">\n\t\t\t\t<div class=\"elementor-widget-container\">\n\t\t\t\t\t\n\t\t<div class=\"grid_img  astroon-cols-3\">\n\n\t\t\t\t\t\t\t<figure class=\"rn_surface\">\n\t\t\t\t\t<div class=\"gallery_photo\">\n\t\t\t\t\t\t\t\t\t\t\t\t<div class=\"figcaption\">\n\t\t\t\t\t\t\t<h3>Edif\u00edcio Mangabeiras<\/h3>\n\t\t\t\t\t\t\t<p>Edif\u00edcio Mangabeiras<\/p>\n\t\t\t\t\t\t\t<a href='https:\/\/engconcreta.com\/site\/wp-content\/uploads\/2021\/07\/WhatsApp-Image-2021-07-08-at-13.19.58.jpeg'><i class=\"fas fa-arrow-right\"><\/i><\/a>\t\t\t\t\t\t<\/div>\n\t\t\t\t\t\t\t\t\t\t\t\t<a class=\"img_par\" href=\"http:\/\/engconcreta.com\/site\/wp-content\/uploads\/2021\/07\/WhatsApp-Image-2021-07-08-at-13.19.58.jpeg\">\n\t\t\t\t\t\t\t<img decoding=\"async\" alt=\"Edif\u00edcio Mangabeiras\" class=\"jarallax-img\" src=\"http:\/\/engconcreta.com\/site\/wp-content\/uploads\/2021\/07\/WhatsApp-Image-2021-07-08-at-13.19.58.jpeg\"\/>\n\t\t\t\t\t\t<\/a>\n\t\t\t\t\t<\/div>\n\t\t\t\t<\/figure>\n\t\t\t\t\t\t\t<figure class=\"rn_surface\">\n\t\t\t\t\t<div class=\"gallery_photo\">\n\t\t\t\t\t\t\t\t\t\t\t\t<div class=\"figcaption\">\n\t\t\t\t\t\t\t<h3>Edif\u00edcio Mangabeiras<\/h3>\n\t\t\t\t\t\t\t<p>Edif\u00edcio Mangabeiras<\/p>\n\t\t\t\t\t\t\t<a href='https:\/\/engconcreta.com\/site\/wp-content\/uploads\/2021\/07\/WhatsApp-Image-2021-07-08-at-13.19.59-2.jpeg'><i class=\"fas fa-arrow-right\"><\/i><\/a>\t\t\t\t\t\t<\/div>\n\t\t\t\t\t\t\t\t\t\t\t\t<a class=\"img_par\" href=\"http:\/\/engconcreta.com\/site\/wp-content\/uploads\/2021\/07\/WhatsApp-Image-2021-07-08-at-13.19.59-2.jpeg\">\n\t\t\t\t\t\t\t<img decoding=\"async\" alt=\"Edif\u00edcio Mangabeiras\" class=\"jarallax-img\" src=\"http:\/\/engconcreta.com\/site\/wp-content\/uploads\/2021\/07\/WhatsApp-Image-2021-07-08-at-13.19.59-2.jpeg\"\/>\n\t\t\t\t\t\t<\/a>\n\t\t\t\t\t<\/div>\n\t\t\t\t<\/figure>\n\t\t\t\t\t\t\t<figure class=\"rn_surface\">\n\t\t\t\t\t<div class=\"gallery_photo\">\n\t\t\t\t\t\t\t\t\t\t\t\t<div class=\"figcaption\">\n\t\t\t\t\t\t\t<h3>Planta baixa humanizada<\/h3>\n\t\t\t\t\t\t\t<p>Planta baixa humanizada - Edif\u00edcio Mangabeiras<\/p>\n\t\t\t\t\t\t\t<a href='https:\/\/engconcreta.com\/site\/wp-content\/uploads\/2021\/07\/WhatsApp-Image-2021-07-08-at-13.19.59.jpeg'><i class=\"fas fa-arrow-right\"><\/i><\/a>\t\t\t\t\t\t<\/div>\n\t\t\t\t\t\t\t\t\t\t\t\t<a class=\"img_par\" href=\"http:\/\/engconcreta.com\/site\/wp-content\/uploads\/2021\/07\/WhatsApp-Image-2021-07-08-at-13.19.59.jpeg\">\n\t\t\t\t\t\t\t<img decoding=\"async\" alt=\"Planta baixa humanizada - Edif\u00edcio Mangabeiras\" class=\"jarallax-img\" src=\"http:\/\/engconcreta.com\/site\/wp-content\/uploads\/2021\/07\/WhatsApp-Image-2021-07-08-at-13.19.59.jpeg\"\/>\n\t\t\t\t\t\t<\/a>\n\t\t\t\t\t<\/div>\n\t\t\t\t<\/figure>\n\t\t\t\t\t\t\t<figure class=\"rn_surface\">\n\t\t\t\t\t<div class=\"gallery_photo\">\n\t\t\t\t\t\t\t\t\t\t\t\t<div class=\"figcaption\">\n\t\t\t\t\t\t\t<h3>Planta baixa humanizada<\/h3>\n\t\t\t\t\t\t\t<p>Planta baixa humanizada - Edif\u00edcio Mangabeiras<\/p>\n\t\t\t\t\t\t\t<a href='https:\/\/engconcreta.com\/site\/wp-content\/uploads\/2021\/07\/WhatsApp-Image-2021-07-08-at-13.19.59-1.jpeg'><i class=\"fas fa-arrow-right\"><\/i><\/a>\t\t\t\t\t\t<\/div>\n\t\t\t\t\t\t\t\t\t\t\t\t<a class=\"img_par\" href=\"http:\/\/engconcreta.com\/site\/wp-content\/uploads\/2021\/07\/WhatsApp-Image-2021-07-08-at-13.19.59-1.jpeg\">\n\t\t\t\t\t\t\t<img decoding=\"async\" alt=\"Planta baixa humanizada - Edif\u00edcio Mangabeiras\" class=\"jarallax-img\" src=\"http:\/\/engconcreta.com\/site\/wp-content\/uploads\/2021\/07\/WhatsApp-Image-2021-07-08-at-13.19.59-1.jpeg\"\/>\n\t\t\t\t\t\t<\/a>\n\t\t\t\t\t<\/div>\n\t\t\t\t<\/figure>\n\t\t\t\t\t\t\t<figure class=\"rn_surface\">\n\t\t\t\t\t<div class=\"gallery_photo\">\n\t\t\t\t\t\t\t\t\t\t\t\t<div class=\"figcaption\">\n\t\t\t\t\t\t\t<h3>Interiores<\/h3>\n\t\t\t\t\t\t\t<p>Projeto interiores - Edif\u00edcio Mangabeiras<\/p>\n\t\t\t\t\t\t\t<a href='https:\/\/engconcreta.com\/site\/wp-content\/uploads\/2021\/07\/Edificio-Centro-Edinho-Interna-Cob-01-Cozinha-scaled.jpg'><i class=\"fas fa-arrow-right\"><\/i><\/a>\t\t\t\t\t\t<\/div>\n\t\t\t\t\t\t\t\t\t\t\t\t<a class=\"img_par\" href=\"http:\/\/engconcreta.com\/site\/wp-content\/uploads\/2021\/07\/Edificio-Centro-Edinho-Interna-Cob-01-Cozinha-scaled.jpg\">\n\t\t\t\t\t\t\t<img decoding=\"async\" alt=\"Projeto interiores - Edif\u00edcio Mangabeiras\" class=\"jarallax-img\" src=\"http:\/\/engconcreta.com\/site\/wp-content\/uploads\/2021\/07\/Edificio-Centro-Edinho-Interna-Cob-01-Cozinha-scaled.jpg\"\/>\n\t\t\t\t\t\t<\/a>\n\t\t\t\t\t<\/div>\n\t\t\t\t<\/figure>\n\t\t\t\t\t\t\t<figure class=\"rn_surface\">\n\t\t\t\t\t<div class=\"gallery_photo\">\n\t\t\t\t\t\t\t\t\t\t\t\t<div class=\"figcaption\">\n\t\t\t\t\t\t\t<h3>Interiores<\/h3>\n\t\t\t\t\t\t\t<p>Projeto interiores - Edif\u00edcio Mangabeiras<\/p>\n\t\t\t\t\t\t\t<a href='https:\/\/engconcreta.com\/site\/wp-content\/uploads\/2021\/07\/Edificio-Centro-Edinho-Interna-Cob-01-Sala-scaled.jpg'><i class=\"fas fa-arrow-right\"><\/i><\/a>\t\t\t\t\t\t<\/div>\n\t\t\t\t\t\t\t\t\t\t\t\t<a class=\"img_par\" href=\"http:\/\/engconcreta.com\/site\/wp-content\/uploads\/2021\/07\/Edificio-Centro-Edinho-Interna-Cob-01-Sala-scaled.jpg\">\n\t\t\t\t\t\t\t<img decoding=\"async\" alt=\"Projeto interiores - Edif\u00edcio Mangabeiras\" class=\"jarallax-img\" src=\"http:\/\/engconcreta.com\/site\/wp-content\/uploads\/2021\/07\/Edificio-Centro-Edinho-Interna-Cob-01-Sala-scaled.jpg\"\/>\n\t\t\t\t\t\t<\/a>\n\t\t\t\t\t<\/div>\n\t\t\t\t<\/figure>\n\t\t\t\t\t\t\t<figure class=\"rn_surface\">\n\t\t\t\t\t<div class=\"gallery_photo\">\n\t\t\t\t\t\t\t\t\t\t\t\t<div class=\"figcaption\">\n\t\t\t\t\t\t\t<h3>EDIF\u00cdCIO MANGABEIRAS &#8211; INTERIORES<\/h3>\n\t\t\t\t\t\t\t<p><\/p>\n\t\t\t\t\t\t\t<a href='https:\/\/engconcreta.com\/site\/wp-content\/uploads\/2021\/07\/Edificio-Centro-Edinho-Interna-Cob-02-Sala-Intima-scaled.jpg'><i class=\"fas fa-arrow-right\"><\/i><\/a>\t\t\t\t\t\t<\/div>\n\t\t\t\t\t\t\t\t\t\t\t\t<a class=\"img_par\" href=\"http:\/\/engconcreta.com\/site\/wp-content\/uploads\/2021\/07\/Edificio-Centro-Edinho-Interna-Cob-02-Sala-Intima-scaled.jpg\">\n\t\t\t\t\t\t\t<img decoding=\"async\" alt=\"EDIF\u00cdCIO MANGABEIRAS - INTERIORES\" class=\"jarallax-img\" src=\"http:\/\/engconcreta.com\/site\/wp-content\/uploads\/2021\/07\/Edificio-Centro-Edinho-Interna-Cob-02-Sala-Intima-scaled.jpg\"\/>\n\t\t\t\t\t\t<\/a>\n\t\t\t\t\t<\/div>\n\t\t\t\t<\/figure>\n\t\t\t\t\t\t\t<figure class=\"rn_surface\">\n\t\t\t\t\t<div class=\"gallery_photo\">\n\t\t\t\t\t\t\t\t\t\t\t\t<div class=\"figcaption\">\n\t\t\t\t\t\t\t<h3>EDIF\u00cdCIO MANGABEIRAS &#8211; INTERIORES<\/h3>\n\t\t\t\t\t\t\t<p><\/p>\n\t\t\t\t\t\t\t<a href='https:\/\/engconcreta.com\/site\/wp-content\/uploads\/2021\/07\/Edificio-Centro-Edinho-Interna-Cob-01-Suite-scaled.jpg'><i class=\"fas fa-arrow-right\"><\/i><\/a>\t\t\t\t\t\t<\/div>\n\t\t\t\t\t\t\t\t\t\t\t\t<a class=\"img_par\" href=\"http:\/\/engconcreta.com\/site\/wp-content\/uploads\/2021\/07\/Edificio-Centro-Edinho-Interna-Cob-01-Suite-scaled.jpg\">\n\t\t\t\t\t\t\t<img decoding=\"async\" alt=\"EDIF\u00cdCIO MANGABEIRAS - INTERIORES\" class=\"jarallax-img\" src=\"http:\/\/engconcreta.com\/site\/wp-content\/uploads\/2021\/07\/Edificio-Centro-Edinho-Interna-Cob-01-Suite-scaled.jpg\"\/>\n\t\t\t\t\t\t<\/a>\n\t\t\t\t\t<\/div>\n\t\t\t\t<\/figure>\n\t\t\t\t\t\t\t<figure class=\"rn_surface\">\n\t\t\t\t\t<div class=\"gallery_photo\">\n\t\t\t\t\t\t\t\t\t\t\t\t<div class=\"figcaption\">\n\t\t\t\t\t\t\t<h3>EDIF\u00cdCIO MANGABEIRAS &#8211; INTERIORES<\/h3>\n\t\t\t\t\t\t\t<p><\/p>\n\t\t\t\t\t\t\t<a href='https:\/\/engconcreta.com\/site\/wp-content\/uploads\/2021\/07\/Edificio-Centro-Edinho-Interna-Cob-02-Area-Gourmet-scaled.jpg'><i class=\"fas fa-arrow-right\"><\/i><\/a>\t\t\t\t\t\t<\/div>\n\t\t\t\t\t\t\t\t\t\t\t\t<a class=\"img_par\" href=\"http:\/\/engconcreta.com\/site\/wp-content\/uploads\/2021\/07\/Edificio-Centro-Edinho-Interna-Cob-02-Area-Gourmet-scaled.jpg\">\n\t\t\t\t\t\t\t<img decoding=\"async\" alt=\"EDIF\u00cdCIO MANGABEIRAS - INTERIORES\" class=\"jarallax-img\" src=\"http:\/\/engconcreta.com\/site\/wp-content\/uploads\/2021\/07\/Edificio-Centro-Edinho-Interna-Cob-02-Area-Gourmet-scaled.jpg\"\/>\n\t\t\t\t\t\t<\/a>\n\t\t\t\t\t<\/div>\n\t\t\t\t<\/figure>\n\t\t\t\t\t\t\t<figure class=\"rn_surface\">\n\t\t\t\t\t<div class=\"gallery_photo\">\n\t\t\t\t\t\t\t\t\t\t\t\t<div class=\"figcaption\">\n\t\t\t\t\t\t\t<h3>COMERCIAL EXCELLENCE<\/h3>\n\t\t\t\t\t\t\t<p>Localizado no Bairro Ibiapaba, o edif\u00edcio comercial Excellence tem localiza\u00e7\u00e3o privilegiada, pr\u00f3xima ao centro hospitalar de Barbacena e \u00e0s futuras instala\u00e7\u00f5es do f\u00f3rum.<\/p>\n\t\t\t\t\t\t\t<a href='https:\/\/engconcreta.com\/site\/wp-content\/uploads\/2021\/07\/WhatsApp-Image-2021-07-08-at-13.18.40-1.jpeg'><i class=\"fas fa-arrow-right\"><\/i><\/a>\t\t\t\t\t\t<\/div>\n\t\t\t\t\t\t\t\t\t\t\t\t<a class=\"img_par\" href=\"http:\/\/engconcreta.com\/site\/wp-content\/uploads\/2021\/07\/WhatsApp-Image-2021-07-08-at-13.18.40-1.jpeg\">\n\t\t\t\t\t\t\t<img decoding=\"async\" alt=\"Localizado no Bairro Ibiapaba, o edif\u00edcio comercial Excellence tem localiza\u00e7\u00e3o privilegiada, pr\u00f3xima ao centro hospitalar de Barbacena e \u00e0s futuras instala\u00e7\u00f5es do f\u00f3rum.\" class=\"jarallax-img\" src=\"http:\/\/engconcreta.com\/site\/wp-content\/uploads\/2021\/07\/WhatsApp-Image-2021-07-08-at-13.18.40-1.jpeg\"\/>\n\t\t\t\t\t\t<\/a>\n\t\t\t\t\t<\/div>\n\t\t\t\t<\/figure>\n\t\t\t\t\t\t\t<figure class=\"rn_surface\">\n\t\t\t\t\t<div class=\"gallery_photo\">\n\t\t\t\t\t\t\t\t\t\t\t\t<div class=\"figcaption\">\n\t\t\t\t\t\t\t<h3>Comercial Excellence<\/h3>\n\t\t\t\t\t\t\t<p>Localizado no Bairro Ibiapaba, o edif\u00edcio comercial Excellence tem localiza\u00e7\u00e3o privilegiada, pr\u00f3xima ao centro hospitalar de Barbacena e \u00e0s futuras instala\u00e7\u00f5es do f\u00f3rum.<\/p>\n\t\t\t\t\t\t\t<a href='https:\/\/engconcreta.com\/site\/wp-content\/uploads\/2021\/07\/WhatsApp-Image-2021-07-08-at-13.18.40.jpeg'><i class=\"fas fa-arrow-right\"><\/i><\/a>\t\t\t\t\t\t<\/div>\n\t\t\t\t\t\t\t\t\t\t\t\t<a class=\"img_par\" href=\"http:\/\/engconcreta.com\/site\/wp-content\/uploads\/2021\/07\/WhatsApp-Image-2021-07-08-at-13.18.40.jpeg\">\n\t\t\t\t\t\t\t<img decoding=\"async\" alt=\"Localizado no Bairro Ibiapaba, o edif\u00edcio comercial Excellence tem localiza\u00e7\u00e3o privilegiada, pr\u00f3xima ao centro hospitalar de Barbacena e \u00e0s futuras instala\u00e7\u00f5es do f\u00f3rum.\" class=\"jarallax-img\" src=\"http:\/\/engconcreta.com\/site\/wp-content\/uploads\/2021\/07\/WhatsApp-Image-2021-07-08-at-13.18.40.jpeg\"\/>\n\t\t\t\t\t\t<\/a>\n\t\t\t\t\t<\/div>\n\t\t\t\t<\/figure>\n\t\t\t\t\t\t\t<figure class=\"rn_surface\">\n\t\t\t\t\t<div class=\"gallery_photo\">\n\t\t\t\t\t\t\t\t\t\t\t\t<div class=\"figcaption\">\n\t\t\t\t\t\t\t<h3>Edif\u00edcio Comercial Excellence &#8211; PLANTA BAIXA HUMANIZADA<\/h3>\n\t\t\t\t\t\t\t<p><\/p>\n\t\t\t\t\t\t\t<a href='https:\/\/engconcreta.com\/site\/wp-content\/uploads\/2021\/07\/WhatsApp-Image-2021-07-08-at-13.18.56.jpeg'><i class=\"fas fa-arrow-right\"><\/i><\/a>\t\t\t\t\t\t<\/div>\n\t\t\t\t\t\t\t\t\t\t\t\t<a class=\"img_par\" href=\"http:\/\/engconcreta.com\/site\/wp-content\/uploads\/2021\/07\/WhatsApp-Image-2021-07-08-at-13.18.56.jpeg\">\n\t\t\t\t\t\t\t<img decoding=\"async\" alt=\"Edif\u00edcio Comercial Excellence - PLANTA BAIXA HUMANIZADA\" class=\"jarallax-img\" src=\"http:\/\/engconcreta.com\/site\/wp-content\/uploads\/2021\/07\/WhatsApp-Image-2021-07-08-at-13.18.56.jpeg\"\/>\n\t\t\t\t\t\t<\/a>\n\t\t\t\t\t<\/div>\n\t\t\t\t<\/figure>\n\t\t\t\t\t\t\t<figure class=\"rn_surface\">\n\t\t\t\t\t<div class=\"gallery_photo\">\n\t\t\t\t\t\t\t\t\t\t\t\t<div class=\"figcaption\">\n\t\t\t\t\t\t\t<h3>EDIF\u00cdCIO CAMPOS SALES<\/h3>\n\t\t\t\t\t\t\t<p>Localizado no Bairro Santa Tereza I, o edif\u00edcio tem localiza\u00e7\u00e3o privilegiada com a fachada voltada para a Rua Campos Sales e a sa\u00edda com os fundos para a Avenida Sanit\u00e1ria, uma das principais vias de Barbacena que interliga com os demais pontos da cidade. <\/p>\n\t\t\t\t\t\t\t<a href='https:\/\/engconcreta.com\/site\/wp-content\/uploads\/2021\/07\/WhatsApp-Image-2021-07-08-at-13.20.44-2.jpeg'><i class=\"fas fa-arrow-right\"><\/i><\/a>\t\t\t\t\t\t<\/div>\n\t\t\t\t\t\t\t\t\t\t\t\t<a class=\"img_par\" href=\"http:\/\/engconcreta.com\/site\/wp-content\/uploads\/2021\/07\/WhatsApp-Image-2021-07-08-at-13.20.44-2.jpeg\">\n\t\t\t\t\t\t\t<img decoding=\"async\" alt=\"Localizado no Bairro Santa Tereza I, o edif\u00edcio tem localiza\u00e7\u00e3o privilegiada com a fachada voltada para a Rua Campos Sales e a sa\u00edda com os fundos para a Avenida Sanit\u00e1ria, uma das principais vias de Barbacena que interliga com os demais pontos da cidade.\" class=\"jarallax-img\" src=\"http:\/\/engconcreta.com\/site\/wp-content\/uploads\/2021\/07\/WhatsApp-Image-2021-07-08-at-13.20.44-2.jpeg\"\/>\n\t\t\t\t\t\t<\/a>\n\t\t\t\t\t<\/div>\n\t\t\t\t<\/figure>\n\t\t\t\t\t\t\t<figure class=\"rn_surface\">\n\t\t\t\t\t<div class=\"gallery_photo\">\n\t\t\t\t\t\t\t\t\t\t\t\t<div class=\"figcaption\">\n\t\t\t\t\t\t\t<h3>EDIF\u00cdCIO CAMPOS SALES<\/h3>\n\t\t\t\t\t\t\t<p>Localizado no Bairro Santa Tereza I, o edif\u00edcio tem localiza\u00e7\u00e3o privilegiada com a fachada voltada para a Rua Campos Sales e a sa\u00edda com os fundos para a Avenida Sanit\u00e1ria, uma das principais vias de Barbacena que interliga com os demais pontos da cidade. <\/p>\n\t\t\t\t\t\t\t<a href='https:\/\/engconcreta.com\/site\/wp-content\/uploads\/2021\/07\/WhatsApp-Image-2021-07-08-at-13.20.44-1.jpeg'><i class=\"fas fa-arrow-right\"><\/i><\/a>\t\t\t\t\t\t<\/div>\n\t\t\t\t\t\t\t\t\t\t\t\t<a class=\"img_par\" href=\"http:\/\/engconcreta.com\/site\/wp-content\/uploads\/2021\/07\/WhatsApp-Image-2021-07-08-at-13.20.44-1.jpeg\">\n\t\t\t\t\t\t\t<img decoding=\"async\" alt=\"Localizado no Bairro Santa Tereza I, o edif\u00edcio tem localiza\u00e7\u00e3o privilegiada com a fachada voltada para a Rua Campos Sales e a sa\u00edda com os fundos para a Avenida Sanit\u00e1ria, uma das principais vias de Barbacena que interliga com os demais pontos da cidade.\" class=\"jarallax-img\" src=\"http:\/\/engconcreta.com\/site\/wp-content\/uploads\/2021\/07\/WhatsApp-Image-2021-07-08-at-13.20.44-1.jpeg\"\/>\n\t\t\t\t\t\t<\/a>\n\t\t\t\t\t<\/div>\n\t\t\t\t<\/figure>\n\t\t\t\t\t\t\t<figure class=\"rn_surface\">\n\t\t\t\t\t<div class=\"gallery_photo\">\n\t\t\t\t\t\t\t\t\t\t\t\t<div class=\"figcaption\">\n\t\t\t\t\t\t\t<h3>EDIF\u00cdCIO CAMPOS SALES<\/h3>\n\t\t\t\t\t\t\t<p>Localizado no Bairro Santa Tereza I, o edif\u00edcio tem localiza\u00e7\u00e3o privilegiada com a fachada voltada para a Rua Campos Sales e a sa\u00edda com os fundos para a Avenida Sanit\u00e1ria, uma das principais vias de Barbacena que interliga com os demais pontos da cidade. <\/p>\n\t\t\t\t\t\t\t<a href='https:\/\/engconcreta.com\/site\/wp-content\/uploads\/2021\/07\/WhatsApp-Image-2021-07-08-at-13.20.44.jpeg'><i class=\"fas fa-arrow-right\"><\/i><\/a>\t\t\t\t\t\t<\/div>\n\t\t\t\t\t\t\t\t\t\t\t\t<a class=\"img_par\" href=\"http:\/\/engconcreta.com\/site\/wp-content\/uploads\/2021\/07\/WhatsApp-Image-2021-07-08-at-13.20.44.jpeg\">\n\t\t\t\t\t\t\t<img decoding=\"async\" alt=\"Localizado no Bairro Santa Tereza I, o edif\u00edcio tem localiza\u00e7\u00e3o privilegiada com a fachada voltada para a Rua Campos Sales e a sa\u00edda com os fundos para a Avenida Sanit\u00e1ria, uma das principais vias de Barbacena que interliga com os demais pontos da cidade.\" class=\"jarallax-img\" src=\"http:\/\/engconcreta.com\/site\/wp-content\/uploads\/2021\/07\/WhatsApp-Image-2021-07-08-at-13.20.44.jpeg\"\/>\n\t\t\t\t\t\t<\/a>\n\t\t\t\t\t<\/div>\n\t\t\t\t<\/figure>\n\t\t\t\n\t\t<\/div>\n\n    \t\t\t\t<\/div>\n\t\t\t\t<\/div>\n\t\t\t\t\t<\/div>\n\t\t<\/div>\n\t\t\t\t\t<\/div>\n\t\t<\/section>\n\t\t\t\t<\/div>\n\t\t","protected":false},"excerpt":{"rendered":"<p>Edif\u00edcio Mangabeiras Edif\u00edcio Mangabeiras Edif\u00edcio Mangabeiras Edif\u00edcio Mangabeiras Planta baixa humanizada Planta baixa humanizada &#8211; Edif\u00edcio Mangabeiras Planta baixa humanizada Planta baixa humanizada &#8211; Edif\u00edcio Mangabeiras Interiores Projeto interiores &#8211; Edif\u00edcio Mangabeiras Interiores Projeto interiores &#8211; Edif\u00edcio Mangabeiras Interiores Projeto interiores &#8211; Edif\u00edcio Mangabeiras Interiores&#8230;<\/p>\n","protected":false},"author":1,"featured_media":0,"parent":0,"menu_order":0,"comment_status":"closed","ping_status":"closed","template":"","meta":{"footnotes":""},"class_list":["post-1653","page","type-page","status-publish","hentry"],"acf":[],"_links":{"self":[{"href":"https:\/\/engconcreta.com\/site\/wp-json\/wp\/v2\/pages\/1653","targetHints":{"allow":["GET"]}}],"collection":[{"href":"https:\/\/engconcreta.com\/site\/wp-json\/wp\/v2\/pages"}],"about":[{"href":"https:\/\/engconcreta.com\/site\/wp-json\/wp\/v2\/types\/page"}],"author":[{"embeddable":true,"href":"https:\/\/engconcreta.com\/site\/wp-json\/wp\/v2\/users\/1"}],"replies":[{"embeddable":true,"href":"https:\/\/engconcreta.com\/site\/wp-json\/wp\/v2\/comments?post=1653"}],"version-history":[{"count":17,"href":"https:\/\/engconcreta.com\/site\/wp-json\/wp\/v2\/pages\/1653\/revisions"}],"predecessor-version":[{"id":4923,"href":"https:\/\/engconcreta.com\/site\/wp-json\/wp\/v2\/pages\/1653\/revisions\/4923"}],"wp:attachment":[{"href":"https:\/\/engconcreta.com\/site\/wp-json\/wp\/v2\/media?parent=1653"}],"curies":[{"name":"wp","href":"https:\/\/api.w.org\/{rel}","templated":true}]}}