{"id":4086,"date":"2020-02-26T09:29:50","date_gmt":"2020-02-26T12:29:50","guid":{"rendered":"http:\/\/wp-uphome.astroon.pro\/?page_id=4086"},"modified":"2021-08-20T21:29:08","modified_gmt":"2021-08-21T00:29:08","slug":"servicos","status":"publish","type":"page","link":"https:\/\/engconcreta.com\/site\/servicos\/","title":{"rendered":"Servi\u00e7os"},"content":{"rendered":"\t\t<div data-elementor-type=\"wp-page\" data-elementor-id=\"4086\" class=\"elementor elementor-4086\">\n\t\t\t\t\t\t<section class=\"elementor-section elementor-inner-section elementor-element elementor-element-fc94062 elementor-section-boxed elementor-section-height-default elementor-section-height-default\" data-id=\"fc94062\" data-element_type=\"section\" data-e-type=\"section\">\n\t\t\t\t\t\t<div class=\"elementor-container elementor-column-gap-default\">\n\t\t\t\t\t<div class=\"elementor-column elementor-col-33 elementor-inner-column elementor-element elementor-element-9353941\" data-id=\"9353941\" data-element_type=\"column\" data-e-type=\"column\">\n\t\t\t<div class=\"elementor-widget-wrap elementor-element-populated\">\n\t\t\t\t\t\t<div class=\"elementor-element elementor-element-5ff8f66 elementor-widget elementor-widget-info_block_uphome\" data-id=\"5ff8f66\" data-element_type=\"widget\" data-e-type=\"widget\" data-widget_type=\"info_block_uphome.default\">\n\t\t\t\t<div class=\"elementor-widget-container\">\n\t\t\t\t\t            <div class=\"info_block left_flex style_two center_mobile_responsive\" >\n\t\t\t\t<div class=\"num_b\">\n\n\t\t\t\t<!-- Image Type -->\n\t\t\t\t<i aria-hidden=\"true\" class=\"icon icon-016-repair\"><\/i>\n\t\t\t\t<\/div>\n\t\t\t\t<div class=\"content_text_block\">\n\t\t\t\t\t\t\t\t\t\t\t<h4>CONSTRU\u00c7\u00c3O<\/h4>\t\t\t\t\t\t\t\t\t\t<!-- Description Block -->\n\t\t\t\t\t\t\t\t\t\t\t<p>Atrav\u00e9s do planejamento de obras, definimos as etapas e as fases das mesmas nas constru\u00e7\u00f5es de casas, edif\u00edcios e lojas. Por conseguinte, realizamos respectivamente o levantamento topogr\u00e1fico, a sondagem do solo, o projeto arquitet\u00f4nico, o projeto estrutural, o projeto el\u00e9trico, o projeto hidrossanit\u00e1rio, o projeto de seguran\u00e7a contra inc\u00eandio e p\u00e2nico e a defini\u00e7\u00e3o dos acabamentos<\/p>\t\t\t\t\t\t\t\t\t<\/div>\n            <\/div>\n\n    \t\t\t\t<\/div>\n\t\t\t\t<\/div>\n\t\t\t\t\t<\/div>\n\t\t<\/div>\n\t\t\t\t<div class=\"elementor-column elementor-col-33 elementor-inner-column elementor-element elementor-element-190959a\" data-id=\"190959a\" data-element_type=\"column\" data-e-type=\"column\">\n\t\t\t<div class=\"elementor-widget-wrap elementor-element-populated\">\n\t\t\t\t\t\t<div class=\"elementor-element elementor-element-35b644e elementor-widget elementor-widget-info_block_uphome\" data-id=\"35b644e\" data-element_type=\"widget\" data-e-type=\"widget\" data-widget_type=\"info_block_uphome.default\">\n\t\t\t\t<div class=\"elementor-widget-container\">\n\t\t\t\t\t            <div class=\"info_block left_flex style_two center_mobile_responsive\" >\n\t\t\t\t<div class=\"num_b\">\n\n\t\t\t\t<!-- Image Type -->\n\t\t\t\t<i aria-hidden=\"true\" class=\"icon icon-008-house\"><\/i>\n\t\t\t\t<\/div>\n\t\t\t\t<div class=\"content_text_block\">\n\t\t\t\t\t\t\t\t\t\t\t<h4>INCORPORA\u00c7\u00c3O MOBILI\u00c1RIA<\/h4>\t\t\t\t\t\t\t\t\t\t<!-- Description Block -->\n\t\t\t\t\t\t\t\t\t\t\t<p><span style=\"font-weight: 400;\">Procedimento que viabiliza a constru\u00e7\u00e3o de empreendimentos em um terreno delimitado com a m\u00e3o de obra de determinada empreiteira, possibilitando a venda dos im\u00f3veis na planta.<\/span><\/p>\t\t\t\t\t\t\t\t\t<\/div>\n            <\/div>\n\n    \t\t\t\t<\/div>\n\t\t\t\t<\/div>\n\t\t\t\t\t<\/div>\n\t\t<\/div>\n\t\t\t\t<div class=\"elementor-column elementor-col-33 elementor-inner-column elementor-element elementor-element-e810518\" data-id=\"e810518\" data-element_type=\"column\" data-e-type=\"column\">\n\t\t\t<div class=\"elementor-widget-wrap elementor-element-populated\">\n\t\t\t\t\t\t<div class=\"elementor-element elementor-element-b9ff82c elementor-widget elementor-widget-info_block_uphome\" data-id=\"b9ff82c\" data-element_type=\"widget\" data-e-type=\"widget\" data-widget_type=\"info_block_uphome.default\">\n\t\t\t\t<div class=\"elementor-widget-container\">\n\t\t\t\t\t            <div class=\"info_block left_flex style_two center_mobile_responsive\" >\n\t\t\t\t<div class=\"num_b\">\n\n\t\t\t\t<!-- Image Type -->\n\t\t\t\t<i aria-hidden=\"true\" class=\"icon icon-034-tv-table\"><\/i>\n\t\t\t\t<\/div>\n\t\t\t\t<div class=\"content_text_block\">\n\t\t\t\t\t\t\t\t\t\t\t<h4>DESIGN DE INTERIORES<\/h4>\t\t\t\t\t\t\t\t\t\t<!-- Description Block -->\n\t\t\t\t\t\t\t\t\t\t\t<p><span style=\"font-weight: 400;\">Com o intuito de inovar e visando o atual cen\u00e1rio mundial, a empresa passa a oferecer este novo prop\u00f3sito, planejando e projetando os elementos dos espa\u00e7os internos com base na est\u00e9tica, no conforto, na sa\u00fade, na seguran\u00e7a e na funcionalidade do local.<\/span><\/p>\t\t\t\t\t\t\t\t\t<\/div>\n            <\/div>\n\n    \t\t\t\t<\/div>\n\t\t\t\t<\/div>\n\t\t\t\t\t<\/div>\n\t\t<\/div>\n\t\t\t\t\t<\/div>\n\t\t<\/section>\n\t\t\t\t<section class=\"elementor-section elementor-top-section elementor-element elementor-element-bf96e1e elementor-section-full_width elementor-section-height-default elementor-section-height-default astroon-bg-container\" data-id=\"bf96e1e\" data-element_type=\"section\" data-e-type=\"section\">\n\t\t\t\t\t\t<div class=\"elementor-container elementor-column-gap-default\">\n\t\t\t\t\t<div class=\"elementor-column elementor-col-50 elementor-top-column elementor-element elementor-element-6d35f8d\" data-id=\"6d35f8d\" data-element_type=\"column\" data-e-type=\"column\" data-settings=\"{&quot;background_background&quot;:&quot;classic&quot;}\">\n\t\t\t<div class=\"elementor-widget-wrap elementor-element-populated\">\n\t\t\t\t\t\t<div class=\"elementor-element elementor-element-d00c120 elementor-widget elementor-widget-spacer\" data-id=\"d00c120\" data-element_type=\"widget\" data-e-type=\"widget\" data-widget_type=\"spacer.default\">\n\t\t\t\t<div class=\"elementor-widget-container\">\n\t\t\t\t\t\t\t<div class=\"elementor-spacer\">\n\t\t\t<div class=\"elementor-spacer-inner\"><\/div>\n\t\t<\/div>\n\t\t\t\t\t\t<\/div>\n\t\t\t\t<\/div>\n\t\t\t\t\t<\/div>\n\t\t<\/div>\n\t\t\t\t<div class=\"elementor-column elementor-col-50 elementor-top-column elementor-element elementor-element-f596629\" data-id=\"f596629\" data-element_type=\"column\" data-e-type=\"column\" data-settings=\"{&quot;background_background&quot;:&quot;classic&quot;}\">\n\t\t\t<div class=\"elementor-widget-wrap elementor-element-populated\">\n\t\t\t\t\t\t<section class=\"elementor-section elementor-inner-section elementor-element elementor-element-fd82c3b elementor-section-boxed elementor-section-height-default elementor-section-height-default astroon-bg-container\" data-id=\"fd82c3b\" data-element_type=\"section\" data-e-type=\"section\">\n\t\t\t\t\t\t<div class=\"elementor-container elementor-column-gap-default\">\n\t\t\t\t\t<div class=\"elementor-column elementor-col-100 elementor-inner-column elementor-element elementor-element-ad0e4f4\" data-id=\"ad0e4f4\" data-element_type=\"column\" data-e-type=\"column\" data-settings=\"{&quot;background_background&quot;:&quot;classic&quot;}\">\n\t\t\t<div class=\"elementor-widget-wrap elementor-element-populated\">\n\t\t\t\t\t\t<div class=\"elementor-element elementor-element-c80a433 elementor-widget__width-initial elementor-widget elementor-widget-title_uphome\" data-id=\"c80a433\" data-element_type=\"widget\" data-e-type=\"widget\" data-widget_type=\"title_uphome.default\">\n\t\t\t\t<div class=\"elementor-widget-container\">\n\t\t\t\t\t\n\t\t\t<div class=\"head_block left_flex\">\n\t\t\t\t\t\t\t\t<div class=\"b_d\">\n\t\t\t\t<span class=\"sub_title\">Fale conosco<\/span>\t\t\t\t<h2 data-lax-preset_large=\"zoomIn-0.9\">Precisando de mais informa\u00e7\u00f5es?<\/h2>                \t\t\t\t<p>Nos envie uma mensagem e um dos nossos representantes entrar\u00e1 em contato com voc\u00ea o mais brevemente poss\u00edvel.\u00a0<\/p>\t\t\t\t<\/div>\n            <\/div>\n\n    \t\t\t\t<\/div>\n\t\t\t\t<\/div>\n\t\t\t\t<div class=\"elementor-element elementor-element-ab03099 elementor-icon-list--layout-traditional elementor-list-item-link-full_width elementor-widget elementor-widget-icon-list\" data-id=\"ab03099\" data-element_type=\"widget\" data-e-type=\"widget\" data-widget_type=\"icon-list.default\">\n\t\t\t\t<div class=\"elementor-widget-container\">\n\t\t\t\t\t\t\t<ul class=\"elementor-icon-list-items\">\n\t\t\t\t\t\t\t<li class=\"elementor-icon-list-item\">\n\t\t\t\t\t\t\t\t\t\t\t<a href=\"http:\/\/engconcreta.com\/site\/contatos\/\">\n\n\t\t\t\t\t\t\t\t\t\t\t\t<span class=\"elementor-icon-list-icon\">\n\t\t\t\t\t\t\t<i aria-hidden=\"true\" class=\"fas fa-file-export\"><\/i>\t\t\t\t\t\t<\/span>\n\t\t\t\t\t\t\t\t\t\t<span class=\"elementor-icon-list-text\">Formul\u00e1rio de contato<\/span>\n\t\t\t\t\t\t\t\t\t\t\t<\/a>\n\t\t\t\t\t\t\t\t\t<\/li>\n\t\t\t\t\t\t<\/ul>\n\t\t\t\t\t\t<\/div>\n\t\t\t\t<\/div>\n\t\t\t\t\t<\/div>\n\t\t<\/div>\n\t\t\t\t\t<\/div>\n\t\t<\/section>\n\t\t\t\t\t<\/div>\n\t\t<\/div>\n\t\t\t\t\t<\/div>\n\t\t<\/section>\n\t\t\t\t<\/div>\n\t\t","protected":false},"excerpt":{"rendered":"<p>CONSTRU\u00c7\u00c3O Atrav\u00e9s do planejamento de obras, definimos as etapas e as fases das mesmas nas constru\u00e7\u00f5es de casas, edif\u00edcios e lojas. Por conseguinte, realizamos respectivamente o levantamento topogr\u00e1fico, a sondagem do solo, o projeto arquitet\u00f4nico, o projeto estrutural, o projeto el\u00e9trico, o projeto hidrossanit\u00e1rio, o&#8230;<\/p>\n","protected":false},"author":1,"featured_media":0,"parent":0,"menu_order":0,"comment_status":"closed","ping_status":"closed","template":"","meta":{"footnotes":""},"class_list":["post-4086","page","type-page","status-publish","hentry"],"acf":[],"_links":{"self":[{"href":"https:\/\/engconcreta.com\/site\/wp-json\/wp\/v2\/pages\/4086","targetHints":{"allow":["GET"]}}],"collection":[{"href":"https:\/\/engconcreta.com\/site\/wp-json\/wp\/v2\/pages"}],"about":[{"href":"https:\/\/engconcreta.com\/site\/wp-json\/wp\/v2\/types\/page"}],"author":[{"embeddable":true,"href":"https:\/\/engconcreta.com\/site\/wp-json\/wp\/v2\/users\/1"}],"replies":[{"embeddable":true,"href":"https:\/\/engconcreta.com\/site\/wp-json\/wp\/v2\/comments?post=4086"}],"version-history":[{"count":19,"href":"https:\/\/engconcreta.com\/site\/wp-json\/wp\/v2\/pages\/4086\/revisions"}],"predecessor-version":[{"id":4972,"href":"https:\/\/engconcreta.com\/site\/wp-json\/wp\/v2\/pages\/4086\/revisions\/4972"}],"wp:attachment":[{"href":"https:\/\/engconcreta.com\/site\/wp-json\/wp\/v2\/media?parent=4086"}],"curies":[{"name":"wp","href":"https:\/\/api.w.org\/{rel}","templated":true}]}}