{"id":4099,"date":"2020-02-26T09:43:44","date_gmt":"2020-02-26T12:43:44","guid":{"rendered":"http:\/\/wp-uphome.astroon.pro\/?page_id=4099"},"modified":"2024-10-23T18:21:49","modified_gmt":"2024-10-23T21:21:49","slug":"sobre","status":"publish","type":"page","link":"https:\/\/engconcreta.com\/site\/sobre\/","title":{"rendered":"SOBRE"},"content":{"rendered":"\t\t<div data-elementor-type=\"wp-page\" data-elementor-id=\"4099\" class=\"elementor elementor-4099\">\n\t\t\t\t\t\t<section class=\"elementor-section elementor-top-section elementor-element elementor-element-06d19da elementor-section-boxed elementor-section-height-default elementor-section-height-default astroon-bg-container\" data-id=\"06d19da\" data-element_type=\"section\" data-e-type=\"section\">\n\t\t\t\t\t\t<div class=\"elementor-container elementor-column-gap-default\">\n\t\t\t\t\t<div class=\"elementor-column elementor-col-50 elementor-top-column elementor-element elementor-element-ffbee5e\" data-id=\"ffbee5e\" data-element_type=\"column\" data-e-type=\"column\" data-settings=\"{&quot;background_background&quot;:&quot;classic&quot;}\">\n\t\t\t<div class=\"elementor-widget-wrap elementor-element-populated\">\n\t\t\t\t\t\t<div class=\"elementor-element elementor-element-d35d385 elementor-widget elementor-widget-title_uphome\" data-id=\"d35d385\" data-element_type=\"widget\" data-e-type=\"widget\" data-widget_type=\"title_uphome.default\">\n\t\t\t\t<div class=\"elementor-widget-container\">\n\t\t\t\t\t\n\t\t\t<div class=\"head_block left_flex\">\n\t\t\t\t\t\t\t\t<div class=\"b_d\">\n\t\t\t\t\t\t\t\t<h2 data-lax-preset_large=\"zoomIn-0.9\">CONCRETA<\/h2>                \t\t\t\t<p><span style=\"font-weight: 400;\">Natural de Cipot\u00e2nea\/MG, Edson \u2013 popularmente conhecido no munic\u00edpio por Edinho, mudou-se para Barbacena\/MG em 1967 com apenas 5 anos de idade. No ano de 1989, iniciou a transforma\u00e7\u00e3o de sonhos em realidade, atrav\u00e9s da constru\u00e7\u00e3o civil. Ao longo de sua carreira j\u00e1 executou centenas de projetos em Barbacena, especializando-se em constru\u00e7\u00f5es de alvenaria e utilizando m\u00e3o de obra qualificada e tecnologia de ponta. Suas concep\u00e7\u00f5es levam sua marca registrada e abrangem todo o territ\u00f3rio barbacenense, desde os pequenos portes at\u00e9 os grandes formatos.<\/span><\/p>\t\t\t\t<\/div>\n            <\/div>\n\n    \t\t\t\t<\/div>\n\t\t\t\t<\/div>\n\t\t\t\t<div class=\"elementor-element elementor-element-6403149 elementor-position-inline-start elementor-view-default elementor-mobile-position-block-start elementor-widget elementor-widget-icon-box\" data-id=\"6403149\" data-element_type=\"widget\" data-e-type=\"widget\" data-widget_type=\"icon-box.default\">\n\t\t\t\t<div class=\"elementor-widget-container\">\n\t\t\t\t\t\t\t<div class=\"elementor-icon-box-wrapper\">\n\n\t\t\t\t\t\t<div class=\"elementor-icon-box-icon\">\n\t\t\t\t<span  class=\"elementor-icon\">\n\t\t\t\t<i aria-hidden=\"true\" class=\"icon icon-009-house-1\"><\/i>\t\t\t\t<\/span>\n\t\t\t<\/div>\n\t\t\t\n\t\t\t\t\t\t<div class=\"elementor-icon-box-content\">\n\n\t\t\t\t\t\t\t\t\t<h4 class=\"elementor-icon-box-title\">\n\t\t\t\t\t\t<span  >\n\t\t\t\t\t\t\tEMPRESA FAMILIAR\t\t\t\t\t\t<\/span>\n\t\t\t\t\t<\/h4>\n\t\t\t\t\n\t\t\t\t\t\t\t\t\t<p class=\"elementor-icon-box-description\">\n\t\t\t\t\t\tConsolidada na \u00e1rea da constru\u00e7\u00e3o civil, a Concreta foi fundada com ampla experi\u00eancia no mercado de constru\u00e7\u00f5es. Atrav\u00e9s da gest\u00e3o de obras eficiente e do comprometimento com o cliente, Edson sempre foi fidedigno aos projetos. Agora, ap\u00f3s cursarem Engenharia Civil, os filhos Ramon e Nat\u00e1lia Melina unem-se ao grupo Concreta com toda a expertise absorvida ao longo dos anos.\n\t\t\t\t\t<\/p>\n\t\t\t\t\n\t\t\t<\/div>\n\t\t\t\n\t\t<\/div>\n\t\t\t\t\t\t<\/div>\n\t\t\t\t<\/div>\n\t\t\t\t\t<\/div>\n\t\t<\/div>\n\t\t\t\t<div class=\"elementor-column elementor-col-50 elementor-top-column elementor-element elementor-element-30b6e73\" data-id=\"30b6e73\" data-element_type=\"column\" data-e-type=\"column\" data-settings=\"{&quot;background_background&quot;:&quot;classic&quot;}\">\n\t\t\t<div class=\"elementor-widget-wrap elementor-element-populated\">\n\t\t\t\t\t\t<div class=\"elementor-element elementor-element-c37c447 elementor-widget elementor-widget-spacer\" data-id=\"c37c447\" data-element_type=\"widget\" data-e-type=\"widget\" data-widget_type=\"spacer.default\">\n\t\t\t\t<div class=\"elementor-widget-container\">\n\t\t\t\t\t\t\t<div class=\"elementor-spacer\">\n\t\t\t<div class=\"elementor-spacer-inner\"><\/div>\n\t\t<\/div>\n\t\t\t\t\t\t<\/div>\n\t\t\t\t<\/div>\n\t\t\t\t\t<\/div>\n\t\t<\/div>\n\t\t\t\t\t<\/div>\n\t\t<\/section>\n\t\t\t\t<section class=\"elementor-section elementor-top-section elementor-element elementor-element-c8515a8 elementor-jarallax elementor-section-boxed elementor-section-height-default elementor-section-height-default astroon-bg-container\" data-id=\"c8515a8\" data-element_type=\"section\" data-e-type=\"section\" data-settings=\"{&quot;background_background&quot;:&quot;classic&quot;}\">\n\t\t\t\t\t\t<div class=\"elementor-container elementor-column-gap-default\">\n\t\t\t\t\t<div class=\"elementor-column elementor-col-100 elementor-top-column elementor-element elementor-element-2e0605d\" data-id=\"2e0605d\" data-element_type=\"column\" data-e-type=\"column\">\n\t\t\t<div class=\"elementor-widget-wrap elementor-element-populated\">\n\t\t\t\t\t\t<div class=\"elementor-element elementor-element-7460f12 elementor-widget__width-initial elementor-widget elementor-widget-title_uphome\" data-id=\"7460f12\" data-element_type=\"widget\" data-e-type=\"widget\" data-widget_type=\"title_uphome.default\">\n\t\t\t\t<div class=\"elementor-widget-container\">\n\t\t\t\t\t\n\t\t\t<div class=\"head_block center_flex\">\n\t\t\t\t\t\t\t\t<div class=\"b_d\">\n\t\t\t\t\t\t\t\t<h2 data-lax-preset_large=\"zoomIn-0.9\">EQUIPE<\/h2>                <div class=\"line_title\"><i aria-hidden=\"true\" class=\"icon icon-042-light\"><\/i><\/div>\t\t\t\t<p>Conhe\u00e7a os membros da nossa equipe<\/p>\t\t\t\t<\/div>\n            <\/div>\n\n    \t\t\t\t<\/div>\n\t\t\t\t<\/div>\n\t\t\t\t<div class=\"elementor-element elementor-element-7d5bfe4 elementor-widget elementor-widget-team_widget\" data-id=\"7d5bfe4\" data-element_type=\"widget\" data-e-type=\"widget\" data-widget_type=\"team_widget.default\">\n\t\t\t\t<div class=\"elementor-widget-container\">\n\t\t\t\t\t<div class=\"astroon_team_block\"><div class=\"elementor-swiper \" id=\"custom-carousel-7d5bfe4\" ><div class=\"swiper-container\"><div class=\"swiper-wrapper\">\t\t\t\t\t\t<div class=\"team_person swiper-slide\">\n\t\t\t\t\t\t\t<div class=\"wrap_astroon_team\">\n\t\t\t\t\t\t\t\t<div class=\"img_team rn_surface\"><img decoding=\"async\" alt=\"Sem t\u00edtulo-1\" src=\"https:\/\/engconcreta.com\/site\/wp-content\/uploads\/2021\/08\/Sem-titulo-1.jpg\"><\/div>\t\t\t\t\t\t\t\t<div class=\"wrap_desc_person\">\n\t\t\t\t\t\t\t\t\t<a class=\"name_person\" href=\"https:\/\/engconcreta.com\/site\/team\/pedro-dias\/\"><h4>PEDRO DIAS<\/h4><\/a>\t\t\t\t\t\t\t\t\t<ul class=\"positions_team\"><li class=\"tag_position_link\"><a href=\"https:\/\/engconcreta.com\/site\/team-tag\/carpinteiro\/\" rel=\"tag\">Carpinteiro<\/a><\/li><\/ul>\t\t\t\t\t\t\t\t\t\t\t\t\t\t\t\t\t\t<span class=\"author_socials\"><\/span>\t\t\t\t\t\t\t\t<\/div>\n\t\t\t\t\t\t\t<\/div>\n\t\t\t\t\t\t<\/div>\n\t\t\t\t\t\t\t\t\t\t\t<div class=\"team_person swiper-slide\">\n\t\t\t\t\t\t\t<div class=\"wrap_astroon_team\">\n\t\t\t\t\t\t\t\t<div class=\"img_team rn_surface\"><img decoding=\"async\" alt=\"Sem t\u00edtulo-1\" src=\"https:\/\/engconcreta.com\/site\/wp-content\/uploads\/2021\/08\/Sem-titulo-1.jpg\"><\/div>\t\t\t\t\t\t\t\t<div class=\"wrap_desc_person\">\n\t\t\t\t\t\t\t\t\t<a class=\"name_person\" href=\"https:\/\/engconcreta.com\/site\/team\/getulio-assumpcao\/\"><h4>Get\u00falio Assump\u00e7\u00e3o<\/h4><\/a>\t\t\t\t\t\t\t\t\t\t\t\t\t\t\t\t\t\t\t\t\t\t\t\t\t\t\t<span class=\"author_socials\"><\/span>\t\t\t\t\t\t\t\t<\/div>\n\t\t\t\t\t\t\t<\/div>\n\t\t\t\t\t\t<\/div>\n\t\t\t\t\t\t\t\t\t\t\t<div class=\"team_person swiper-slide\">\n\t\t\t\t\t\t\t<div class=\"wrap_astroon_team\">\n\t\t\t\t\t\t\t\t<div class=\"img_team rn_surface\"><img decoding=\"async\" alt=\"Sem t\u00edtulo-1\" src=\"https:\/\/engconcreta.com\/site\/wp-content\/uploads\/2021\/08\/Sem-titulo-1.jpg\"><\/div>\t\t\t\t\t\t\t\t<div class=\"wrap_desc_person\">\n\t\t\t\t\t\t\t\t\t<a class=\"name_person\" href=\"https:\/\/engconcreta.com\/site\/team\/joao-trindade\/\"><h4>Jo\u00e3o Trindade<\/h4><\/a>\t\t\t\t\t\t\t\t\t<ul class=\"positions_team\"><li class=\"tag_position_link\"><a href=\"https:\/\/engconcreta.com\/site\/team-tag\/pintor\/\" rel=\"tag\">Pintor<\/a><\/li><\/ul>\t\t\t\t\t\t\t\t\t\t\t\t\t\t\t\t\t\t<span class=\"author_socials\"><\/span>\t\t\t\t\t\t\t\t<\/div>\n\t\t\t\t\t\t\t<\/div>\n\t\t\t\t\t\t<\/div>\n\t\t\t\t\t\t\t\t\t\t\t<div class=\"team_person swiper-slide\">\n\t\t\t\t\t\t\t<div class=\"wrap_astroon_team\">\n\t\t\t\t\t\t\t\t<div class=\"img_team rn_surface\"><img decoding=\"async\" alt=\"Sem t\u00edtulo-1\" src=\"https:\/\/engconcreta.com\/site\/wp-content\/uploads\/2021\/08\/Sem-titulo-1.jpg\"><\/div>\t\t\t\t\t\t\t\t<div class=\"wrap_desc_person\">\n\t\t\t\t\t\t\t\t\t<a class=\"name_person\" href=\"https:\/\/engconcreta.com\/site\/team\/nivaldo-servente\/\"><h4>Nivaldo Natal de Oliveira<\/h4><\/a>\t\t\t\t\t\t\t\t\t\t\t\t\t\t\t\t\t\t\t\t\t\t\t\t\t\t\t<span class=\"author_socials\"><\/span>\t\t\t\t\t\t\t\t<\/div>\n\t\t\t\t\t\t\t<\/div>\n\t\t\t\t\t\t<\/div>\n\t\t\t\t\t\t\t\t\t\t\t<div class=\"team_person swiper-slide\">\n\t\t\t\t\t\t\t<div class=\"wrap_astroon_team\">\n\t\t\t\t\t\t\t\t<div class=\"img_team rn_surface\"><img decoding=\"async\" alt=\"Sem t\u00edtulo-1\" src=\"https:\/\/engconcreta.com\/site\/wp-content\/uploads\/2021\/08\/Sem-titulo-1.jpg\"><\/div>\t\t\t\t\t\t\t\t<div class=\"wrap_desc_person\">\n\t\t\t\t\t\t\t\t\t<a class=\"name_person\" href=\"https:\/\/engconcreta.com\/site\/team\/leomar-dos-santos\/\"><h4>Leomar dos Santos<\/h4><\/a>\t\t\t\t\t\t\t\t\t\t\t\t\t\t\t\t\t\t\t\t\t\t\t\t\t\t\t<span class=\"author_socials\"><\/span>\t\t\t\t\t\t\t\t<\/div>\n\t\t\t\t\t\t\t<\/div>\n\t\t\t\t\t\t<\/div>\n\t\t\t\t\t\t\t\t\t\t\t<div class=\"team_person swiper-slide\">\n\t\t\t\t\t\t\t<div class=\"wrap_astroon_team\">\n\t\t\t\t\t\t\t\t<div class=\"img_team rn_surface\"><img decoding=\"async\" alt=\"WhatsApp Image 2021-07-08 at 13.20.21 (1)\" src=\"https:\/\/engconcreta.com\/site\/wp-content\/uploads\/2021\/07\/WhatsApp-Image-2021-07-08-at-13.20.21-1-e1625962879969.jpeg\"><\/div>\t\t\t\t\t\t\t\t<div class=\"wrap_desc_person\">\n\t\t\t\t\t\t\t\t\t<a class=\"name_person\" href=\"https:\/\/engconcreta.com\/site\/team\/edson-moreira-2\/\"><h4>Edson Moreira<\/h4><\/a>\t\t\t\t\t\t\t\t\t<ul class=\"positions_team\"><li class=\"tag_position_link\"><a href=\"https:\/\/engconcreta.com\/site\/team-tag\/ceo\/\" rel=\"tag\">CEO<\/a><\/li><li class=\"tag_position_link\"><a href=\"https:\/\/engconcreta.com\/site\/team-tag\/chefe-executivo-oficial\/\" rel=\"tag\">Chefe Executivo Oficial<\/a><\/li><\/ul>\t\t\t\t\t\t\t\t\t\t\t\t\t\t\t\t\t\t<span class=\"author_socials\"><\/span>\t\t\t\t\t\t\t\t<\/div>\n\t\t\t\t\t\t\t<\/div>\n\t\t\t\t\t\t<\/div>\n\t\t\t\t\t\t\t\t\t\t\t<div class=\"team_person swiper-slide\">\n\t\t\t\t\t\t\t<div class=\"wrap_astroon_team\">\n\t\t\t\t\t\t\t\t<div class=\"img_team rn_surface\"><img decoding=\"async\" alt=\"40D6CAA0-584E-4E11-A386-4E35C02BE380\" src=\"https:\/\/engconcreta.com\/site\/wp-content\/uploads\/2020\/01\/40D6CAA0-584E-4E11-A386-4E35C02BE380.jpeg\"><\/div>\t\t\t\t\t\t\t\t<div class=\"wrap_desc_person\">\n\t\t\t\t\t\t\t\t\t<a class=\"name_person\" href=\"https:\/\/engconcreta.com\/site\/team\/natalia-melina-moreira\/\"><h4>Nat\u00e1lia Melina Moreira<\/h4><\/a>\t\t\t\t\t\t\t\t\t<ul class=\"positions_team\"><li class=\"tag_position_link\"><a href=\"https:\/\/engconcreta.com\/site\/team-tag\/crea-312205mg\/\" rel=\"tag\">CREA 312205MG<\/a><\/li><li class=\"tag_position_link\"><a href=\"https:\/\/engconcreta.com\/site\/team-tag\/engenheira-civil\/\" rel=\"tag\">Engenheira Civil<\/a><\/li><\/ul>\t\t\t\t\t\t\t\t\t\t\t\t\t\t\t\t\t\t<span class=\"author_socials\"><\/span>\t\t\t\t\t\t\t\t<\/div>\n\t\t\t\t\t\t\t<\/div>\n\t\t\t\t\t\t<\/div>\n\t\t\t\t\t\t\t\t\t\t\t<div class=\"team_person swiper-slide\">\n\t\t\t\t\t\t\t<div class=\"wrap_astroon_team\">\n\t\t\t\t\t\t\t\t<div class=\"img_team rn_surface\"><img decoding=\"async\" alt=\"WhatsApp Image 2021-07-08 at 13.20.21 (2)\" src=\"https:\/\/engconcreta.com\/site\/wp-content\/uploads\/2020\/02\/WhatsApp-Image-2021-07-08-at-13.20.21-2-e1625962680335.jpeg\"><\/div>\t\t\t\t\t\t\t\t<div class=\"wrap_desc_person\">\n\t\t\t\t\t\t\t\t\t<a class=\"name_person\" href=\"https:\/\/engconcreta.com\/site\/team\/ramon-moreira-2\/\"><h4>Ramon Moreira<\/h4><\/a>\t\t\t\t\t\t\t\t\t<ul class=\"positions_team\"><li class=\"tag_position_link\"><a href=\"https:\/\/engconcreta.com\/site\/team-tag\/gestor-de-obras\/\" rel=\"tag\">Gestor de Obras<\/a><\/li><\/ul>\t\t\t\t\t\t\t\t\t\t\t\t\t\t\t\t\t\t<span class=\"author_socials\"><\/span>\t\t\t\t\t\t\t\t<\/div>\n\t\t\t\t\t\t\t<\/div>\n\t\t\t\t\t\t<\/div>\n\t\t\t\t\t\t\t\t\t\t\t<div class=\"team_person swiper-slide\">\n\t\t\t\t\t\t\t<div class=\"wrap_astroon_team\">\n\t\t\t\t\t\t\t\t<div class=\"img_team rn_surface\"><img decoding=\"async\" alt=\"Sem t\u00edtulo-1\" src=\"https:\/\/engconcreta.com\/site\/wp-content\/uploads\/2021\/08\/Sem-titulo-1.jpg\"><\/div>\t\t\t\t\t\t\t\t<div class=\"wrap_desc_person\">\n\t\t\t\t\t\t\t\t\t<a class=\"name_person\" href=\"https:\/\/engconcreta.com\/site\/team\/vicente-silva\/\"><h4>Romildo da Silva<\/h4><\/a>\t\t\t\t\t\t\t\t\t\t\t\t\t\t\t\t\t\t\t\t\t\t\t\t\t\t\t<span class=\"author_socials\"><\/span>\t\t\t\t\t\t\t\t<\/div>\n\t\t\t\t\t\t\t<\/div>\n\t\t\t\t\t\t<\/div>\n\t\t\t\t\t\t\t\t\t\t\t<div class=\"team_person swiper-slide\">\n\t\t\t\t\t\t\t<div class=\"wrap_astroon_team\">\n\t\t\t\t\t\t\t\t<div class=\"img_team rn_surface\"><img decoding=\"async\" alt=\"Sem t\u00edtulo-1\" src=\"https:\/\/engconcreta.com\/site\/wp-content\/uploads\/2021\/08\/Sem-titulo-1.jpg\"><\/div>\t\t\t\t\t\t\t\t<div class=\"wrap_desc_person\">\n\t\t\t\t\t\t\t\t\t<a class=\"name_person\" href=\"https:\/\/engconcreta.com\/site\/team\/manoel\/\"><h4>Manoel Ferreira<\/h4><\/a>\t\t\t\t\t\t\t\t\t\t\t\t\t\t\t\t\t\t\t\t\t\t\t\t\t\t\t<span class=\"author_socials\"><\/span>\t\t\t\t\t\t\t\t<\/div>\n\t\t\t\t\t\t\t<\/div>\n\t\t\t\t\t\t<\/div>\n\t\t\t\t\t\t\t\t\t\t\t<div class=\"team_person swiper-slide\">\n\t\t\t\t\t\t\t<div class=\"wrap_astroon_team\">\n\t\t\t\t\t\t\t\t<div class=\"img_team rn_surface\"><img decoding=\"async\" alt=\"Sem t\u00edtulo-1\" src=\"https:\/\/engconcreta.com\/site\/wp-content\/uploads\/2021\/08\/Sem-titulo-1.jpg\"><\/div>\t\t\t\t\t\t\t\t<div class=\"wrap_desc_person\">\n\t\t\t\t\t\t\t\t\t<a class=\"name_person\" href=\"https:\/\/engconcreta.com\/site\/team\/jose-couto\/\"><h4>Jos\u00e9 Couto<\/h4><\/a>\t\t\t\t\t\t\t\t\t<ul class=\"positions_team\"><li class=\"tag_position_link\"><a href=\"https:\/\/engconcreta.com\/site\/team-tag\/encarregado-de-obras\/\" rel=\"tag\">Encarregado de obras<\/a><\/li><\/ul>\t\t\t\t\t\t\t\t\t\t\t\t\t\t\t\t\t\t<span class=\"author_socials\"><\/span>\t\t\t\t\t\t\t\t<\/div>\n\t\t\t\t\t\t\t<\/div>\n\t\t\t\t\t\t<\/div>\n\t\t\t\t\t\t\t\t\t\t\t<div class=\"team_person swiper-slide\">\n\t\t\t\t\t\t\t<div class=\"wrap_astroon_team\">\n\t\t\t\t\t\t\t\t<div class=\"img_team rn_surface\"><img decoding=\"async\" alt=\"Sem t\u00edtulo-1\" src=\"https:\/\/engconcreta.com\/site\/wp-content\/uploads\/2021\/08\/Sem-titulo-1.jpg\"><\/div>\t\t\t\t\t\t\t\t<div class=\"wrap_desc_person\">\n\t\t\t\t\t\t\t\t\t<a class=\"name_person\" href=\"https:\/\/engconcreta.com\/site\/team\/ibraim-carvalho\/\"><h4>Ibraim Carvalho<\/h4><\/a>\t\t\t\t\t\t\t\t\t\t\t\t\t\t\t\t\t\t\t\t\t\t\t\t\t\t\t<span class=\"author_socials\"><\/span>\t\t\t\t\t\t\t\t<\/div>\n\t\t\t\t\t\t\t<\/div>\n\t\t\t\t\t\t<\/div>\n\t\t\t\t\t\t\t\t\t\t\t<div class=\"team_person swiper-slide\">\n\t\t\t\t\t\t\t<div class=\"wrap_astroon_team\">\n\t\t\t\t\t\t\t\t<div class=\"img_team rn_surface\"><img decoding=\"async\" alt=\"Sem t\u00edtulo-1\" src=\"https:\/\/engconcreta.com\/site\/wp-content\/uploads\/2021\/08\/Sem-titulo-1.jpg\"><\/div>\t\t\t\t\t\t\t\t<div class=\"wrap_desc_person\">\n\t\t\t\t\t\t\t\t\t<a class=\"name_person\" href=\"https:\/\/engconcreta.com\/site\/team\/helcio\/\"><h4>Elvis Ferreira<\/h4><\/a>\t\t\t\t\t\t\t\t\t\t\t\t\t\t\t\t\t\t\t\t\t\t\t\t\t\t\t<span class=\"author_socials\"><\/span>\t\t\t\t\t\t\t\t<\/div>\n\t\t\t\t\t\t\t<\/div>\n\t\t\t\t\t\t<\/div>\n\t\t\t\t\t<\/div><\/div><div class=\"swiper-pagination-7d5bfe4\"><\/div><div class=\"swiper_buttons_n\">\n                <div class=\"swiper-button-next-7d5bfe4\"><i aria-hidden=\"true\" class=\"fas fa-chevron-right\"><\/i><\/div>\n                <div class=\"swiper-button-prev-7d5bfe4\"><i aria-hidden=\"true\" class=\"fas fa-chevron-left\"><\/i><\/div>\n                <\/div><\/div>    <script>\n        jQuery(document).ready(function($) {\n            \"use strict\";\n            var swiper = new Swiper('#custom-carousel-7d5bfe4 .swiper-container',\n                {\"spaceBetween\":30,\"grabCursor\":true,\"navigation\":{\"nextEl\":\".swiper-button-next-7d5bfe4\",\"prevEl\":\".swiper-button-prev-7d5bfe4\"},\"pagination\":{\"el\":\".swiper-pagination-7d5bfe4\",\"clickable\":true},\"slidesPerView\":4,\"breakpoints\":{\"1200\":{\"slidesPerView\":4,\"spaceBetween\":30},\"768\":{\"slidesPerView\":\"2\",\"spaceBetween\":30},\"0\":{\"slidesPerView\":1,\"spaceBetween\":30}}}            );\n        });\n    <\/script>\n    <\/div>\t\t\t\t<\/div>\n\t\t\t\t<\/div>\n\t\t\t\t\t<\/div>\n\t\t<\/div>\n\t\t\t\t\t<\/div>\n\t\t<\/section>\n\t\t\t\t<\/div>\n\t\t","protected":false},"excerpt":{"rendered":"<p>CONCRETA Natural de Cipot\u00e2nea\/MG, Edson \u2013 popularmente conhecido no munic\u00edpio por Edinho, mudou-se para Barbacena\/MG em 1967 com apenas 5 anos de idade. No ano de 1989, iniciou a transforma\u00e7\u00e3o de sonhos em realidade, atrav\u00e9s da constru\u00e7\u00e3o civil. Ao longo de sua carreira j\u00e1 executou&#8230;<\/p>\n","protected":false},"author":1,"featured_media":0,"parent":0,"menu_order":0,"comment_status":"closed","ping_status":"closed","template":"","meta":{"footnotes":""},"class_list":["post-4099","page","type-page","status-publish","hentry"],"acf":[],"_links":{"self":[{"href":"https:\/\/engconcreta.com\/site\/wp-json\/wp\/v2\/pages\/4099","targetHints":{"allow":["GET"]}}],"collection":[{"href":"https:\/\/engconcreta.com\/site\/wp-json\/wp\/v2\/pages"}],"about":[{"href":"https:\/\/engconcreta.com\/site\/wp-json\/wp\/v2\/types\/page"}],"author":[{"embeddable":true,"href":"https:\/\/engconcreta.com\/site\/wp-json\/wp\/v2\/users\/1"}],"replies":[{"embeddable":true,"href":"https:\/\/engconcreta.com\/site\/wp-json\/wp\/v2\/comments?post=4099"}],"version-history":[{"count":56,"href":"https:\/\/engconcreta.com\/site\/wp-json\/wp\/v2\/pages\/4099\/revisions"}],"predecessor-version":[{"id":5439,"href":"https:\/\/engconcreta.com\/site\/wp-json\/wp\/v2\/pages\/4099\/revisions\/5439"}],"wp:attachment":[{"href":"https:\/\/engconcreta.com\/site\/wp-json\/wp\/v2\/media?parent=4099"}],"curies":[{"name":"wp","href":"https:\/\/api.w.org\/{rel}","templated":true}]}}